{"id":1110,"date":"2017-01-03T12:17:43","date_gmt":"2017-01-03T12:17:43","guid":{"rendered":"http:\/\/www.eth.ieeia.tuiasi.ro\/?page_id=1110"},"modified":"2017-02-15T12:23:05","modified_gmt":"2017-02-15T10:23:05","slug":"didactic","status":"publish","type":"page","link":"http:\/\/www.eth.ieeia.tuiasi.ro\/index.php\/didactic\/","title":{"rendered":"Didactic"},"content":{"rendered":"<p style=\"text-align: justify;\"><span style=\"font-family: 'times new roman', times, serif; font-size: 12pt;\">\u00a0 \u00a0 \u00a0Portofoliul didactic al departamentului cuprinde discipline fundamentale \u015fi de specialitate din domeniului ingineriei electrice existente la toate specializ\u0103rile Facult\u0103\u0163ii de Inginerie Electric\u0103, Energetic\u0103 \u015fi Informatic\u0103 Aplicat\u0103 (Teoria c\u00e2mpului electromagnetic, Teoria circuitelor electrice, Ma\u015fini electrice etc.) c\u00e2t \u015fi discipline cum ar fi Bazele electrotehnicii, Electrotehnic\u0103 general\u0103 etc. prev\u0103zute \u00een programele de studii ale celorlalte facult\u0103\u0163i din universitate.<\/span><\/p>\n<p style=\"text-align: justify;\"><span style=\"font-family: 'times new roman', times, serif; font-size: 12pt;\">\u00a0 \u00a0Departamentul coordoneaz\u0103 programele de studii Sisteme electrice \u015fi Inginerie economic\u0103 \u00een domeniul electric, electronic \u015fi energetic \u2013 studiile de licen\u0163\u0103 \u015fi Sisteme electrice avansate \u2013 studii de master.<\/span><\/p>\n<p style=\"text-align: justify;\"><span style=\"font-family: 'times new roman', times, serif; font-size: 12pt;\">\u00a0 \u00a0 Se poate aprecia c\u0103 specializarea de Sisteme electrice este \u00een momentul de fa\u0163\u0103 o component\u0103 de baz\u0103 \u00een cadrul domeniului Inginerie electric\u0103, preg\u0103tind speciali\u015fti cu competen\u0163e \u00een conceperea, proiectarea \u015fi fabricarea sistemelor de producere, transport \u015fi utilizare \u00een practica curen\u0163ilor tari, speciali\u015fti capabili s\u0103 poat\u0103 activa \u015fi \u00een domenii conexe: energetic\u0103, electronic\u0103 de putere, informatic\u0103 industrial\u0103, mecatronic\u0103.<\/span><\/p>\n","protected":false},"excerpt":{"rendered":"<p>\u00a0 \u00a0 \u00a0Portofoliul didactic al departamentului cuprinde discipline fundamentale \u015fi de specialitate din domeniului ingineriei electrice existente la toate specializ\u0103rile Facult\u0103\u0163ii de Inginerie Electric\u0103, Energetic\u0103 \u015fi Informatic\u0103 Aplicat\u0103 (Teoria c\u00e2mpului electromagnetic, Teoria circuitelor electrice, Ma\u015fini electrice etc.) c\u00e2t \u015fi discipline <a href=\"http:\/\/www.eth.ieeia.tuiasi.ro\/index.php\/didactic\/\" class=\"read-more\">Read More &#8230;<\/a><\/p>\n","protected":false},"author":2,"featured_media":0,"parent":0,"menu_order":0,"comment_status":"closed","ping_status":"closed","template":"","meta":{"footnotes":""},"_links":{"self":[{"href":"http:\/\/www.eth.ieeia.tuiasi.ro\/index.php\/wp-json\/wp\/v2\/pages\/1110"}],"collection":[{"href":"http:\/\/www.eth.ieeia.tuiasi.ro\/index.php\/wp-json\/wp\/v2\/pages"}],"about":[{"href":"http:\/\/www.eth.ieeia.tuiasi.ro\/index.php\/wp-json\/wp\/v2\/types\/page"}],"author":[{"embeddable":true,"href":"http:\/\/www.eth.ieeia.tuiasi.ro\/index.php\/wp-json\/wp\/v2\/users\/2"}],"replies":[{"embeddable":true,"href":"http:\/\/www.eth.ieeia.tuiasi.ro\/index.php\/wp-json\/wp\/v2\/comments?post=1110"}],"version-history":[{"count":7,"href":"http:\/\/www.eth.ieeia.tuiasi.ro\/index.php\/wp-json\/wp\/v2\/pages\/1110\/revisions"}],"predecessor-version":[{"id":1702,"href":"http:\/\/www.eth.ieeia.tuiasi.ro\/index.php\/wp-json\/wp\/v2\/pages\/1110\/revisions\/1702"}],"wp:attachment":[{"href":"http:\/\/www.eth.ieeia.tuiasi.ro\/index.php\/wp-json\/wp\/v2\/media?parent=1110"}],"curies":[{"name":"wp","href":"https:\/\/api.w.org\/{rel}","templated":true}]}}