{"id":1113,"date":"2017-01-03T12:19:47","date_gmt":"2017-01-03T12:19:47","guid":{"rendered":"http:\/\/www.eth.ieeia.tuiasi.ro\/?page_id=1113"},"modified":"2017-04-18T22:55:50","modified_gmt":"2017-04-18T20:55:50","slug":"istoric","status":"publish","type":"page","link":"http:\/\/www.eth.ieeia.tuiasi.ro\/index.php\/prezentare\/istoric\/","title":{"rendered":"Istoric"},"content":{"rendered":"<p style=\"text-align: justify;\"><span style=\"font-family: 'times new roman', times, serif;\"><img loading=\"lazy\" decoding=\"async\" class=\"size-medium wp-image-914 alignleft\" src=\"http:\/\/www.eth.ieeia.tuiasi.ro\/wp-content\/uploads\/2016\/11\/ANV_3766-300x200.jpg\" sizes=\"(max-width: 300px) 100vw, 300px\" srcset=\"http:\/\/www.eth.ieeia.tuiasi.ro\/wp-content\/uploads\/2016\/11\/ANV_3766-300x200.jpg 300w, http:\/\/www.eth.ieeia.tuiasi.ro\/wp-content\/uploads\/2016\/11\/ANV_3766-360x240.jpg 360w, http:\/\/www.eth.ieeia.tuiasi.ro\/wp-content\/uploads\/2016\/11\/ANV_3766.jpg 640w\" alt=\"????????????????????????????????????\" width=\"300\" height=\"200\"><\/span><\/p>\n<p>Primele catedre cu acest profil, \u00een \u00een\u0163elesul modern al acestei forme de organizare, au ap\u0103rut \u00een anul 1948: o catedr\u0103 de Ma\u015fini electrice, condus\u0103 de prof. Cezar Parteni-Antoni \u015fi o catedr\u0103 de Electricitate condus\u0103 de prof. Vasile Petrescu. \u00cen anul 1968 g\u0103sim catedra cu denumirea de Electrotehnic\u0103 general\u0103 \u015fi ma\u015fini electrice, condus\u0103 de prof. Vasile Pris\u0103caru. Aceast\u0103 denumire se justifica prin faptul c\u0103 membrii colectivului de electrotehnic\u0103 prestau activitate didactic\u0103 \u00een acest domeniu pentru toate celelalte facult\u0103\u0163i ale politehnicii.<\/p>\n<p>\u00cen anul 1976, denumirea \u015fi componen\u0163a catedrei se schimb\u0103 din nou, devenind catedra de Electrotehnic\u0103, m\u0103sur\u0103ri \u015fi ma\u015fini electrice, av\u00e2nd drept \u015fef de catedr\u0103 pe prof. Dumitru B\u0103rbulescu. Din anul 1984 \u015feful catedrei devine conf. Florentina Trifan p\u00e2n\u0103 \u00een anul 1989.<\/p>\n<p>\u00cen anul 1990, catedra se reorganizeaz\u0103 prin formarea a trei noi catedre: Bazele electrotehnicii, M\u0103sur\u0103ri \u015fi materiale electrice \u015fi Electrotehnic\u0103 \u015fi Ma\u015fini electrice. \u00cen anul 2011 Catedra de Electrotehnic\u0103 \u015fi Ma\u015fini Electrice \u015fi colectivul de Bazele Electrotehnicii formeaz\u0103 actualul Departament de Electrotehnic\u0103.<\/p>\n","protected":false},"excerpt":{"rendered":"<p>Primele catedre cu acest profil, \u00een \u00een\u0163elesul modern al acestei forme de organizare, au ap\u0103rut \u00een anul 1948: o catedr\u0103 de Ma\u015fini electrice, condus\u0103 de prof. Cezar Parteni-Antoni \u015fi o catedr\u0103 de Electricitate condus\u0103 de prof. Vasile Petrescu. \u00cen anul <a href=\"http:\/\/www.eth.ieeia.tuiasi.ro\/index.php\/prezentare\/istoric\/\" class=\"read-more\">Read More &#8230;<\/a><\/p>\n","protected":false},"author":2,"featured_media":0,"parent":1106,"menu_order":0,"comment_status":"closed","ping_status":"closed","template":"","meta":{"footnotes":""},"_links":{"self":[{"href":"http:\/\/www.eth.ieeia.tuiasi.ro\/index.php\/wp-json\/wp\/v2\/pages\/1113"}],"collection":[{"href":"http:\/\/www.eth.ieeia.tuiasi.ro\/index.php\/wp-json\/wp\/v2\/pages"}],"about":[{"href":"http:\/\/www.eth.ieeia.tuiasi.ro\/index.php\/wp-json\/wp\/v2\/types\/page"}],"author":[{"embeddable":true,"href":"http:\/\/www.eth.ieeia.tuiasi.ro\/index.php\/wp-json\/wp\/v2\/users\/2"}],"replies":[{"embeddable":true,"href":"http:\/\/www.eth.ieeia.tuiasi.ro\/index.php\/wp-json\/wp\/v2\/comments?post=1113"}],"version-history":[{"count":10,"href":"http:\/\/www.eth.ieeia.tuiasi.ro\/index.php\/wp-json\/wp\/v2\/pages\/1113\/revisions"}],"predecessor-version":[{"id":2544,"href":"http:\/\/www.eth.ieeia.tuiasi.ro\/index.php\/wp-json\/wp\/v2\/pages\/1113\/revisions\/2544"}],"up":[{"embeddable":true,"href":"http:\/\/www.eth.ieeia.tuiasi.ro\/index.php\/wp-json\/wp\/v2\/pages\/1106"}],"wp:attachment":[{"href":"http:\/\/www.eth.ieeia.tuiasi.ro\/index.php\/wp-json\/wp\/v2\/media?parent=1113"}],"curies":[{"name":"wp","href":"https:\/\/api.w.org\/{rel}","templated":true}]}}