{"id":1119,"date":"2017-01-03T12:23:52","date_gmt":"2017-01-03T12:23:52","guid":{"rendered":"http:\/\/www.eth.ieeia.tuiasi.ro\/?page_id=1119"},"modified":"2021-05-31T22:21:09","modified_gmt":"2021-05-31T20:21:09","slug":"licenta","status":"publish","type":"page","link":"http:\/\/www.eth.ieeia.tuiasi.ro\/index.php\/didactic\/licenta\/","title":{"rendered":"Licenta"},"content":{"rendered":"<p style=\"text-align: center;\"><span style=\"font-family: 'times new roman', times, serif; font-size: 12pt;\"><a href=\"http:\/\/www.eth.ieeia.tuiasi.ro\/index.php\/ro\/didactic\/licenta\/obiective-generale\/\" class=\"su-button su-button-style-default\" style=\"color:#FFFFFF;background-color:#2D89EF;border-color:#246ec0;border-radius:7px;-moz-border-radius:7px;-webkit-border-radius:7px\" target=\"_self\"><span style=\"color:#FFFFFF;padding:0px 20px;font-size:16px;line-height:32px;border-color:#6cadf4;border-radius:7px;-moz-border-radius:7px;-webkit-border-radius:7px;text-shadow:none;-moz-text-shadow:none;-webkit-text-shadow:none\">  \u00a0 \u00a0 \u00a0 \u00a0Obiective generale\u00a0 \u00a0 \u00a0 \u00a0 <\/span><\/a> \u00a0 \u00a0 \u00a0 \u00a0<a href=\"http:\/\/www.eth.ieeia.tuiasi.ro\/index.php\/ro\/didactic\/licenta\/obiective-specifice\/\" class=\"su-button su-button-style-default\" style=\"color:#FFFFFF;background-color:#2D89EF;border-color:#246ec0;border-radius:7px;-moz-border-radius:7px;-webkit-border-radius:7px\" target=\"_self\"><span style=\"color:#FFFFFF;padding:0px 20px;font-size:16px;line-height:32px;border-color:#6cadf4;border-radius:7px;-moz-border-radius:7px;-webkit-border-radius:7px;text-shadow:none;-moz-text-shadow:none;-webkit-text-shadow:none\">  \u00a0 Obiective specifice\u00a0 \u00a0<\/span><\/a> \u00a0 \u00a0 \u00a0 \u00a0<a href=\"https:\/\/ieeia.tuiasi.ro\/wp-content\/uploads\/2020\/10\/SE-20_21.doc\" class=\"su-button su-button-style-default\" style=\"color:#FFFFFF;background-color:#2D89EF;border-color:#246ec0;border-radius:7px;-moz-border-radius:7px;-webkit-border-radius:7px\" target=\"_self\"><span style=\"color:#FFFFFF;padding:0px 20px;font-size:16px;line-height:32px;border-color:#6cadf4;border-radius:7px;-moz-border-radius:7px;-webkit-border-radius:7px;text-shadow:none;-moz-text-shadow:none;-webkit-text-shadow:none\"> Plan de \u00eenv\u0103\u021b\u0103m\u00e2nt<\/span><\/a><\/span><\/p>\n<p style=\"text-align: justify;\"><span style=\"font-size: 12pt; font-family: 'times new roman', times, serif;\">\u00a0 \u00a0<\/span><\/p>\n<p style=\"text-align: justify;\"><span style=\"font-family: 'times new roman', times, serif; font-size: 12pt;\">\u00a0 \u00a0 \u00a0 \u00a0 Departamentul de Electrotehnic\u0103 gestioneaz\u0103 \u00een DOMENIUL ELECTRIC programul de studii de licen\u0163\u0103 SISTEME ELECTRICE.<\/span><\/p>\n<p style=\"text-align: justify;\"><span style=\"font-family: 'times new roman', times, serif; font-size: 12pt;\"><em><strong>Descriere <\/strong><\/em><\/span><\/p>\n<p style=\"text-align: justify;\"><span style=\"font-size: 12pt; font-family: 'times new roman', times, serif;\">\u00a0 \u00a0 \u00a0Programul de studii de licen\u0163\u0103 \u201eSISTEME ELECTRICE\u201d are drept principal obiectiv preg\u0103tirea speciali\u015ftilor cu calificare \u00eenalt\u0103 \u00een domeniul sistemelor electrice, posed\u00e2nd cuno\u015ftin\u0163e temeinice \u015fi abilit\u0103\u0163ile necesare pentru \u00een\u0163elegerea, aprecierea \u015fi st\u0103p\u00e2nirea propriet\u0103\u0163ilor \u015fi limitelor sistemelor, componentelor \u015fi proceselor ce implic\u0103 echipamente electrice sau elaborarea de proiecte profesionale pe baza unor principii \u015fi metode consacrate \u00een domeniu.<\/span><\/p>\n","protected":false},"excerpt":{"rendered":"<p>\u00a0 \u00a0 \u00a0 \u00a0 \u00a0 \u00a0 \u00a0 \u00a0 \u00a0 \u00a0 \u00a0 \u00a0 \u00a0 \u00a0 Departamentul de Electrotehnic\u0103 gestioneaz\u0103 \u00een DOMENIUL ELECTRIC programul de studii de licen\u0163\u0103 SISTEME ELECTRICE. Descriere \u00a0 \u00a0 \u00a0Programul de studii de licen\u0163\u0103 \u201eSISTEME ELECTRICE\u201d are drept <a href=\"http:\/\/www.eth.ieeia.tuiasi.ro\/index.php\/didactic\/licenta\/\" class=\"read-more\">Read More &#8230;<\/a><\/p>\n","protected":false},"author":2,"featured_media":0,"parent":1110,"menu_order":0,"comment_status":"closed","ping_status":"closed","template":"","meta":{"footnotes":""},"_links":{"self":[{"href":"http:\/\/www.eth.ieeia.tuiasi.ro\/index.php\/wp-json\/wp\/v2\/pages\/1119"}],"collection":[{"href":"http:\/\/www.eth.ieeia.tuiasi.ro\/index.php\/wp-json\/wp\/v2\/pages"}],"about":[{"href":"http:\/\/www.eth.ieeia.tuiasi.ro\/index.php\/wp-json\/wp\/v2\/types\/page"}],"author":[{"embeddable":true,"href":"http:\/\/www.eth.ieeia.tuiasi.ro\/index.php\/wp-json\/wp\/v2\/users\/2"}],"replies":[{"embeddable":true,"href":"http:\/\/www.eth.ieeia.tuiasi.ro\/index.php\/wp-json\/wp\/v2\/comments?post=1119"}],"version-history":[{"count":10,"href":"http:\/\/www.eth.ieeia.tuiasi.ro\/index.php\/wp-json\/wp\/v2\/pages\/1119\/revisions"}],"predecessor-version":[{"id":3698,"href":"http:\/\/www.eth.ieeia.tuiasi.ro\/index.php\/wp-json\/wp\/v2\/pages\/1119\/revisions\/3698"}],"up":[{"embeddable":true,"href":"http:\/\/www.eth.ieeia.tuiasi.ro\/index.php\/wp-json\/wp\/v2\/pages\/1110"}],"wp:attachment":[{"href":"http:\/\/www.eth.ieeia.tuiasi.ro\/index.php\/wp-json\/wp\/v2\/media?parent=1119"}],"curies":[{"name":"wp","href":"https:\/\/api.w.org\/{rel}","templated":true}]}}