{"id":114,"date":"2016-11-27T12:40:53","date_gmt":"2016-11-27T12:40:53","guid":{"rendered":"http:\/\/www.eth.ieeia.tuiasi.ro\/?page_id=114"},"modified":"2017-04-11T13:29:26","modified_gmt":"2017-04-11T11:29:26","slug":"activitati-educationale","status":"publish","type":"page","link":"http:\/\/www.eth.ieeia.tuiasi.ro\/index.php\/noutati\/activitati-educationale\/","title":{"rendered":"Activit\u0103\u021bi educa\u021bionale"},"content":{"rendered":"<table style=\"height: 880px;\" border=\"0\" width=\"682\" cellspacing=\"0\" cellpadding=\"3\" align=\"center\" bgcolor=\"94c5c5\">\n<tbody>\n<tr>\n<td style=\"width: 672px;\" bgcolor=\"dbdbdb\">\n<h2 align=\"center\"><strong>Renesas MCU Car Rally 2017<\/strong><\/h2>\n<p style=\"text-align: left;\" align=\"center\">\u00cen perioada 14-17 martie 2017 dou\u0103 echipe studen\u0163e\u015fti coordonate de prof. Cristian-Gyozo Haba a participat la concursul international studen\u0163esc Renesas MCU Car Rally 2017 desf\u0103\u015furat cu ocazia T\u00e2rgului Interna\u0163ional Embedded World 2017 \u00een localitatea Nuremberg, Germania.<\/p>\n<p style=\"text-align: left;\" align=\"center\">Echipa Rene-Car a ob\u0163inut performan\u0163a de a se califica \u00een finala de 8 din 28 de echipe din toat\u0103 Europa (Germania, Anglia, Fran\u0163a, Austria, Turcia, Serbia \u015fi Rom\u00e2nia) unde a ocupat locul 6.<\/p>\n<div id='gallery-1' class='gallery galleryid-114 gallery-columns-3 gallery-size-thumbnail'><figure class='gallery-item'>\n\t\t\t<div class='gallery-icon landscape'>\n\t\t\t\t<a href='http:\/\/www.eth.ieeia.tuiasi.ro\/index.php\/noutati\/activitati-educationale\/renecar1\/'><img loading=\"lazy\" decoding=\"async\" width=\"150\" height=\"150\" src=\"http:\/\/www.eth.ieeia.tuiasi.ro\/wp-content\/uploads\/2016\/11\/ReneCar1-150x150.jpg\" class=\"attachment-thumbnail size-thumbnail\" alt=\"\" \/><\/a>\n\t\t\t<\/div><\/figure><figure class='gallery-item'>\n\t\t\t<div class='gallery-icon portrait'>\n\t\t\t\t<a href='http:\/\/www.eth.ieeia.tuiasi.ro\/index.php\/noutati\/activitati-educationale\/dm4_1\/'><img loading=\"lazy\" decoding=\"async\" width=\"150\" height=\"150\" src=\"http:\/\/www.eth.ieeia.tuiasi.ro\/wp-content\/uploads\/2016\/11\/DM4_1-150x150.jpg\" class=\"attachment-thumbnail size-thumbnail\" alt=\"\" \/><\/a>\n\t\t\t<\/div><\/figure><figure class='gallery-item'>\n\t\t\t<div class='gallery-icon landscape'>\n\t\t\t\t<a href='http:\/\/www.eth.ieeia.tuiasi.ro\/index.php\/noutati\/activitati-educationale\/dm4_2\/'><img loading=\"lazy\" decoding=\"async\" width=\"150\" height=\"150\" src=\"http:\/\/www.eth.ieeia.tuiasi.ro\/wp-content\/uploads\/2016\/11\/DM4_2-150x150.jpg\" class=\"attachment-thumbnail size-thumbnail\" alt=\"\" \/><\/a>\n\t\t\t<\/div><\/figure>\n\t\t<\/div>\n\n<h2 align=\"center\"><span style=\"font-family: 'times new roman', times, serif; font-size: 12pt;\"><b>CONCURS PROFESIONAL<\/b><\/span><\/h2>\n<p>&nbsp;<\/td>\n<\/tr>\n<tr>\n<td style=\"width: 672px;\" bgcolor=\"dbdbdb\">\n<p align=\"justify\"><span style=\"font-family: 'times new roman', times, serif; font-size: 12pt;\">\u00a0\u00a0\u00a0\u00a0\u00a0\u00cencep\u00e2nd cu anul universitar 2003-2004 se initiaza concursul profesional anual \u201cCezar Parteni\u201d axat pe disciplinele se se ocupa de studiul masinilor electrice. Concursul se adreseaza studentilor din anii III, IV si V, de la specializarea\u00a0<strong>SISTEME ELCTRICE,<\/strong>\u00a0anul V de la specializarea\u00a0<b>CONSTRUCTII ELECTROTEHNICE<\/b>\u00a0si studentilor de la specializarea de masterat\u00a0<b>TEHNICI AVANSATE \u00ceN CURENTI TARI<\/b>.<\/span><\/p>\n<p style=\"text-align: justify;\"><span style=\"font-family: 'times new roman', times, serif; font-size: 12pt;\">\u00a0\u00a0\u00a0\u00a0\u00a0 Criteriile de apreciere, valabile pentru disciplinele de masini electrice, sunt:<\/span><br \/>\n<span style=\"font-family: 'times new roman', times, serif; font-size: 12pt;\"> -Prezenta la cursuri si seminarii si rezultate la examene;<\/span><br \/>\n<span style=\"font-family: 'times new roman', times, serif; font-size: 12pt;\"> -Activitate la proiect si laborator;<\/span><br \/>\n<span style=\"font-family: 'times new roman', times, serif; font-size: 12pt;\"> -Nivelul stiintific al proiectelor de licenta si dizertatie;<\/span><br \/>\n<span style=\"font-family: 'times new roman', times, serif; font-size: 12pt;\"> -Participari la sesiuni de comunicari stiintifice;<\/span><br \/>\n<span style=\"font-family: 'times new roman', times, serif; font-size: 12pt;\"> -Participare la dezvoltarea activitatilor de \u00eenvatam\u00e2nt.<\/span><\/p>\n<p align=\"justify\"><span style=\"font-family: 'times new roman', times, serif; font-size: 12pt;\">\u00a0\u00a0\u00a0\u00a0\u00a0Premiile constau \u00een bani si obiecte \u00een valoare de 500$. Se acorda, de asemenea, un premiu special const\u00e2nd \u00een participarea gratuita la un curs de instruire \u00een utilizare de baze de date sau gestionare retele de calculatoare, sustinut de o firma specializata<strong>.<\/strong><\/span><\/p>\n<p align=\"justify\"><span style=\"font-family: 'times new roman', times, serif; font-size: 12pt;\">\u00a0\u00a0\u00a0\u00a0\u00a0 Comisia de analiza este constituita din cadre didactice care sustin activitatile la disciplinele respective.<\/span><\/p>\n<p><span style=\"font-family: 'times new roman', times, serif; font-size: 12pt;\"><strong>Organizatori<\/strong><\/span><br \/>\n<span style=\"font-family: 'times new roman', times, serif; font-size: 12pt;\"> Prof. Alecsandru Simion<\/span><br \/>\n<span style=\"font-family: 'times new roman', times, serif; font-size: 12pt;\"> Conf. Leonard Livadaru<\/span><\/td>\n<\/tr>\n<\/tbody>\n<\/table>\n","protected":false},"excerpt":{"rendered":"<p>Renesas MCU Car Rally 2017 \u00cen perioada 14-17 martie 2017 dou\u0103 echipe studen\u0163e\u015fti coordonate de prof. Cristian-Gyozo Haba a participat la concursul international studen\u0163esc Renesas MCU Car Rally 2017 desf\u0103\u015furat cu ocazia T\u00e2rgului Interna\u0163ional Embedded World 2017 \u00een localitatea Nuremberg, <a href=\"http:\/\/www.eth.ieeia.tuiasi.ro\/index.php\/noutati\/activitati-educationale\/\" class=\"read-more\">Read More &#8230;<\/a><\/p>\n","protected":false},"author":2,"featured_media":0,"parent":1108,"menu_order":0,"comment_status":"closed","ping_status":"closed","template":"","meta":{"footnotes":""},"_links":{"self":[{"href":"http:\/\/www.eth.ieeia.tuiasi.ro\/index.php\/wp-json\/wp\/v2\/pages\/114"}],"collection":[{"href":"http:\/\/www.eth.ieeia.tuiasi.ro\/index.php\/wp-json\/wp\/v2\/pages"}],"about":[{"href":"http:\/\/www.eth.ieeia.tuiasi.ro\/index.php\/wp-json\/wp\/v2\/types\/page"}],"author":[{"embeddable":true,"href":"http:\/\/www.eth.ieeia.tuiasi.ro\/index.php\/wp-json\/wp\/v2\/users\/2"}],"replies":[{"embeddable":true,"href":"http:\/\/www.eth.ieeia.tuiasi.ro\/index.php\/wp-json\/wp\/v2\/comments?post=114"}],"version-history":[{"count":7,"href":"http:\/\/www.eth.ieeia.tuiasi.ro\/index.php\/wp-json\/wp\/v2\/pages\/114\/revisions"}],"predecessor-version":[{"id":2118,"href":"http:\/\/www.eth.ieeia.tuiasi.ro\/index.php\/wp-json\/wp\/v2\/pages\/114\/revisions\/2118"}],"up":[{"embeddable":true,"href":"http:\/\/www.eth.ieeia.tuiasi.ro\/index.php\/wp-json\/wp\/v2\/pages\/1108"}],"wp:attachment":[{"href":"http:\/\/www.eth.ieeia.tuiasi.ro\/index.php\/wp-json\/wp\/v2\/media?parent=114"}],"curies":[{"name":"wp","href":"https:\/\/api.w.org\/{rel}","templated":true}]}}