{"id":1633,"date":"2017-01-28T13:59:18","date_gmt":"2017-01-28T11:59:18","guid":{"rendered":"http:\/\/www.eth.ieeia.tuiasi.ro\/?page_id=1633"},"modified":"2017-01-28T14:16:33","modified_gmt":"2017-01-28T12:16:33","slug":"obiective-generale","status":"publish","type":"page","link":"http:\/\/www.eth.ieeia.tuiasi.ro\/index.php\/didactic\/licenta\/obiective-generale\/","title":{"rendered":"Obiective generale"},"content":{"rendered":"<p style=\"text-align: justify;\"><span style=\"font-size: 14pt;\"><span style=\"font-family: 'times new roman', times, serif;\">\u00a0 \u00a0 <em><strong>\u00a0Obiectivele generale<\/strong> <\/em>ale programului de \u201eSISTEME ELECTRICE\u201d se refer\u0103 la:<\/span><\/span><\/p>\n<p style=\"text-align: justify;\"><span style=\"font-size: 14pt;\"> <span style=\"font-family: 'times new roman', times, serif;\"> &#8211; asigurarea calit\u0103\u0163ii \u015fi excelen\u0163ei academice \u00een transmiterea no\u0163iunilor fundamentale tehnice \u015fi de specialitate studen\u0163ilor din domeniul electric specific ma\u015finilor \u015fi aparatelor electrice;<\/span><\/span><\/p>\n<p style=\"text-align: justify;\"><span style=\"font-size: 14pt;\"> <span style=\"font-family: 'times new roman', times, serif;\">&#8211; dezvoltarea cercet\u0103rii \u015ftiin\u0163ifice prin promovarea creativit\u0103\u0163ii \u00een conexiune cu perfec\u0163ionarea activit\u0103\u0163ii didactice;<\/span> <\/span><\/p>\n<p style=\"text-align: justify;\"><span style=\"font-size: 14pt;\"><span style=\"font-family: 'times new roman', times, serif;\">&#8211; promovarea \u015ftiin\u0163ei \u00een spiritul libert\u0103\u0163ii de g\u00e2ndire, al dezvolt\u0103rii personalit\u0103\u0163ii cadrelor didactice \u015fi studen\u0163ilor, al integr\u0103rii \u00een comunitatea \u015ftiin\u0163ific\u0103 a electrotehnicienilor din \u0163ar\u0103 \u015fi st\u0103in\u0103tate;<\/span><\/span><\/p>\n<p style=\"text-align: justify;\"><span style=\"font-size: 14pt;\"> <span style=\"font-family: 'times new roman', times, serif;\">&#8211; \u00eencurajarea afirm\u0103rii personalit\u0103\u0163ii studen\u0163ilor din domeniul ingineriei sistemelor electrice, dezvoltarea abilit\u0103\u0163ii lor intelectuale \u015fi cuno\u015ftin\u0163elor profesionale, potrivit aptitudinilor \u015fi op\u0163iunilor lor;<\/span> <\/span><\/p>\n<p style=\"text-align: justify;\"><span style=\"font-size: 14pt;\"><span style=\"font-family: 'times new roman', times, serif;\">&#8211; adaptarea la nevoile educa\u0163ionale na\u0163ionale \u015fi zonale din domeniul ingineriei sistemelor electrice cu valorificarea experien\u0163ei acumulate a cadrelor didactice \u015fi crearea posibilit\u0103\u0163ilor de acces ale studen\u0163ilor la n program de preg\u0103tire competitiv finalizat cu acumul\u0103ri de credite \u015fi posibilit\u0103\u0163i de transfer ale acestora;<\/span> <\/span><\/p>\n<p style=\"text-align: justify;\"><span style=\"font-size: 14pt;\"><span style=\"font-family: 'times new roman', times, serif;\">&#8211; dezvoltarea unitar\u0103 \u015fi prin continuitate a abilit\u0103\u0163ilor \u015fi competen\u0163elor dob\u00e2ndite pe parcursul ciclurilor de studii universitare de licen\u0163\u0103 \u00een domeniul ingineriei sistemelor electrice urmate de masterat \u00een domeniul curen\u0163ilor inten\u015fi \u015fi doctorat \u00een inginerie electric\u0103;<\/span><\/span><\/p>\n<p style=\"text-align: justify;\"><span style=\"font-size: 14pt;\"> <span style=\"font-family: 'times new roman', times, serif;\">&#8211; dezvoltarea unor abilit\u0103\u0163i practice de proiectare, exploatare \u015fi integrare \u00een sisteme tehnice complexe a ma\u015finilor, transformatoarelor, aparatelor, a instala\u0163iilor electrice \u00een general.<\/span><\/span><\/p>\n","protected":false},"excerpt":{"rendered":"<p>\u00a0 \u00a0 \u00a0Obiectivele generale ale programului de \u201eSISTEME ELECTRICE\u201d se refer\u0103 la: &#8211; asigurarea calit\u0103\u0163ii \u015fi excelen\u0163ei academice \u00een transmiterea no\u0163iunilor fundamentale tehnice \u015fi de specialitate studen\u0163ilor din domeniul electric specific ma\u015finilor \u015fi aparatelor electrice; &#8211; dezvoltarea cercet\u0103rii \u015ftiin\u0163ifice prin <a href=\"http:\/\/www.eth.ieeia.tuiasi.ro\/index.php\/didactic\/licenta\/obiective-generale\/\" class=\"read-more\">Read More &#8230;<\/a><\/p>\n","protected":false},"author":2,"featured_media":0,"parent":1119,"menu_order":0,"comment_status":"closed","ping_status":"closed","template":"","meta":{"footnotes":""},"_links":{"self":[{"href":"http:\/\/www.eth.ieeia.tuiasi.ro\/index.php\/wp-json\/wp\/v2\/pages\/1633"}],"collection":[{"href":"http:\/\/www.eth.ieeia.tuiasi.ro\/index.php\/wp-json\/wp\/v2\/pages"}],"about":[{"href":"http:\/\/www.eth.ieeia.tuiasi.ro\/index.php\/wp-json\/wp\/v2\/types\/page"}],"author":[{"embeddable":true,"href":"http:\/\/www.eth.ieeia.tuiasi.ro\/index.php\/wp-json\/wp\/v2\/users\/2"}],"replies":[{"embeddable":true,"href":"http:\/\/www.eth.ieeia.tuiasi.ro\/index.php\/wp-json\/wp\/v2\/comments?post=1633"}],"version-history":[{"count":4,"href":"http:\/\/www.eth.ieeia.tuiasi.ro\/index.php\/wp-json\/wp\/v2\/pages\/1633\/revisions"}],"predecessor-version":[{"id":1645,"href":"http:\/\/www.eth.ieeia.tuiasi.ro\/index.php\/wp-json\/wp\/v2\/pages\/1633\/revisions\/1645"}],"up":[{"embeddable":true,"href":"http:\/\/www.eth.ieeia.tuiasi.ro\/index.php\/wp-json\/wp\/v2\/pages\/1119"}],"wp:attachment":[{"href":"http:\/\/www.eth.ieeia.tuiasi.ro\/index.php\/wp-json\/wp\/v2\/media?parent=1633"}],"curies":[{"name":"wp","href":"https:\/\/api.w.org\/{rel}","templated":true}]}}