{"id":1637,"date":"2017-01-28T14:07:58","date_gmt":"2017-01-28T12:07:58","guid":{"rendered":"http:\/\/www.eth.ieeia.tuiasi.ro\/?page_id=1637"},"modified":"2017-01-28T14:15:26","modified_gmt":"2017-01-28T12:15:26","slug":"obiective-specifice","status":"publish","type":"page","link":"http:\/\/www.eth.ieeia.tuiasi.ro\/index.php\/didactic\/licenta\/obiective-specifice\/","title":{"rendered":"Obiective specifice"},"content":{"rendered":"<p style=\"text-align: justify;\"><span style=\"font-family: 'times new roman', times, serif; font-size: 14pt;\">\u00a0 \u00a0Obiective specifice ale programului de Sisteme Electrice se refer\u0103 la: <\/span><\/p>\n<p style=\"text-align: justify;\"><span style=\"font-family: 'times new roman', times, serif; font-size: 14pt;\">&#8211; formarea unei preg\u0103tiri tehnice \u00een domeniul transformatoarelor \u015fi a ma\u015finilor electrice rotative, precum \u015fi dob\u00e2ndirea unor cuno\u015ftin\u0163e privitoare la fenomenele de conversie electromecanic\u0103 a energiei \u015fi eviden\u0163ierea importan\u0163ei lor \u00een aplica\u0163iile practice;<\/span><\/p>\n<p style=\"text-align: justify;\"><span style=\"font-family: 'times new roman', times, serif; font-size: 14pt;\">&#8211; \u00eensu\u015firea unor deprinderi practice de exploatare, \u00eencercarea pe platform\u0103 a ma\u015finilor electrice, aparatelor, sistemelor de ac\u0163ionare, aparatelor de m\u0103sur\u0103, instala\u0163iilor de j.t.; <\/span><\/p>\n<p style=\"text-align: justify;\"><span style=\"font-family: 'times new roman', times, serif; font-size: 14pt;\">&#8211; asigurarea unui bagaj de cuno\u015ftin\u0163e corespunz\u0103tor privind caracteristicile de func\u0163ionare, performan\u0163ele energetice, stabilirea ecua\u0163iilor si diagramelor ce descriu func\u0163ionarea sistemelor electrice; <\/span><\/p>\n<p style=\"text-align: justify;\"><span style=\"font-family: 'times new roman', times, serif; font-size: 14pt;\">&#8211; preg\u0103tirea unor speciali\u015fti \u00een domeniul curen\u0163ilor tari capabili s\u0103 conceap\u0103, s\u0103 \u00eentre\u0163in\u0103 \u015fi s\u0103 exploateze performant instala\u0163iile electrice de j.t. adaptate la diferite tipuri de consumatori; <\/span><\/p>\n<p style=\"text-align: justify;\"><span style=\"font-family: 'times new roman', times, serif; font-size: 14pt;\">&#8211; actualizarea continu\u0103 a informa\u0163iilor cu privire la cele mai evoluate realiz\u0103ri tehnice \u015fi tehnologice din domeniul sistemelor electrice, identificarea direc\u0163iilor de progres \u015fi adaptarea rapid\u0103 a speciali\u015ftilor forma\u0163i la viitoarele progrese din domeniu. <\/span><\/p>\n<p style=\"text-align: justify;\"><span style=\"font-family: 'times new roman', times, serif; font-size: 14pt;\">&#8211; proiectarea, realizarea \u015fi stabilirea concordan\u0163ei instala\u0163iilor din sisteme electrice \u015fi armonizarea standardelor na\u0163ionale existente cu normele europene \u00een vigoare. <\/span><\/p>\n<p style=\"text-align: justify;\"><span style=\"font-family: 'times new roman', times, serif; font-size: 14pt;\">\u00a0 \u00a0 \u00a0 La absolvirea ciclului de licen\u0163\u0103, absolven\u0163ii vor avea acumulat un volum suficient de cuno\u015ftin\u0163e, abilit\u0103\u0163i \u015fi competen\u0163e pentru a-i face competitivi pe pia\u0163a for\u0163ei de munc\u0103. Cre\u015fterea continu\u0103 a calit\u0103\u0163ii activit\u0103\u0163ii didactice se realizeaz\u0103 prin: actualizarea manualelor \u015fi \u00eendrumarelor de laborator; folosirea suporturilor multi-media pentru cursuri \u015fi aplica\u0163ii, mai ales la disciplinele sau capitolele cu o dinamic\u0103 accentuat\u0103 a \u00eennoirii con\u0163inutului; promovarea procedeului interactiv de predare a cursurilor, pe baza difuz\u0103rii cu anticipa\u0163ie a materialului predat; implicarea studen\u0163ilor \u00een problematica mediului industrial prin stabilirea unor contacte cu diverse companii din regiune \u015fi axarea temelor proiectelor de diplom\u0103 pe necesit\u0103\u0163ile agen\u0163ilor economici industriali; introducerea unui feed-back de la studen\u0163i \u015fi angajatori, privind structura \u015fi calitatea presta\u0163iei educa\u0163ionale \u015fi \u00eembun\u0103t\u0103\u0163irea acesteia \u00een consecin\u0163\u0103.<\/span><\/p>\n","protected":false},"excerpt":{"rendered":"<p>\u00a0 \u00a0Obiective specifice ale programului de Sisteme Electrice se refer\u0103 la: &#8211; formarea unei preg\u0103tiri tehnice \u00een domeniul transformatoarelor \u015fi a ma\u015finilor electrice rotative, precum \u015fi dob\u00e2ndirea unor cuno\u015ftin\u0163e privitoare la fenomenele de conversie electromecanic\u0103 a energiei \u015fi eviden\u0163ierea importan\u0163ei <a href=\"http:\/\/www.eth.ieeia.tuiasi.ro\/index.php\/didactic\/licenta\/obiective-specifice\/\" class=\"read-more\">Read More &#8230;<\/a><\/p>\n","protected":false},"author":2,"featured_media":0,"parent":1119,"menu_order":0,"comment_status":"closed","ping_status":"closed","template":"","meta":{"footnotes":""},"_links":{"self":[{"href":"http:\/\/www.eth.ieeia.tuiasi.ro\/index.php\/wp-json\/wp\/v2\/pages\/1637"}],"collection":[{"href":"http:\/\/www.eth.ieeia.tuiasi.ro\/index.php\/wp-json\/wp\/v2\/pages"}],"about":[{"href":"http:\/\/www.eth.ieeia.tuiasi.ro\/index.php\/wp-json\/wp\/v2\/types\/page"}],"author":[{"embeddable":true,"href":"http:\/\/www.eth.ieeia.tuiasi.ro\/index.php\/wp-json\/wp\/v2\/users\/2"}],"replies":[{"embeddable":true,"href":"http:\/\/www.eth.ieeia.tuiasi.ro\/index.php\/wp-json\/wp\/v2\/comments?post=1637"}],"version-history":[{"count":5,"href":"http:\/\/www.eth.ieeia.tuiasi.ro\/index.php\/wp-json\/wp\/v2\/pages\/1637\/revisions"}],"predecessor-version":[{"id":1644,"href":"http:\/\/www.eth.ieeia.tuiasi.ro\/index.php\/wp-json\/wp\/v2\/pages\/1637\/revisions\/1644"}],"up":[{"embeddable":true,"href":"http:\/\/www.eth.ieeia.tuiasi.ro\/index.php\/wp-json\/wp\/v2\/pages\/1119"}],"wp:attachment":[{"href":"http:\/\/www.eth.ieeia.tuiasi.ro\/index.php\/wp-json\/wp\/v2\/media?parent=1637"}],"curies":[{"name":"wp","href":"https:\/\/api.w.org\/{rel}","templated":true}]}}