{"id":3087,"date":"2019-04-22T09:40:49","date_gmt":"2019-04-22T07:40:49","guid":{"rendered":"http:\/\/www.eth.ieeia.tuiasi.ro\/?page_id=3087"},"modified":"2021-05-31T22:19:55","modified_gmt":"2021-05-31T20:19:55","slug":"imcg","status":"publish","type":"page","link":"http:\/\/www.eth.ieeia.tuiasi.ro\/index.php\/imcg\/","title":{"rendered":"Inginerie \u0219i management \u00een contextul globaliz\u0103rii"},"content":{"rendered":"<a href=\"http:\/\/www.eth.ieeia.tuiasi.ro\/index.php\/ro\/imcg\/obiective-generale\/\" class=\"su-button su-button-style-default\" style=\"color:#FFFFFF;background-color:#2D89EF;border-color:#246ec0;border-radius:7px;-moz-border-radius:7px;-webkit-border-radius:7px\" target=\"_self\"><span style=\"color:#FFFFFF;padding:0px 20px;font-size:16px;line-height:32px;border-color:#6cadf4;border-radius:7px;-moz-border-radius:7px;-webkit-border-radius:7px;text-shadow:none;-moz-text-shadow:none;-webkit-text-shadow:none\">  \u00a0\u00a0\u00a0\u00a0\u00a0\u00a0\u00a0Obiective generale\u00a0\u00a0\u00a0\u00a0\u00a0\u00a0\u00a0\u00a0<\/span><\/a> \u00a0\u00a0\u00a0\u00a0\u00a0\u00a0\u00a0<a href=\"http:\/\/www.eth.ieeia.tuiasi.ro\/index.php\/ro\/imcg\/obiective-specifice\/\" class=\"su-button su-button-style-default\" style=\"color:#FFFFFF;background-color:#2D89EF;border-color:#246ec0;border-radius:7px;-moz-border-radius:7px;-webkit-border-radius:7px\" target=\"_self\"><span style=\"color:#FFFFFF;padding:0px 20px;font-size:16px;line-height:32px;border-color:#6cadf4;border-radius:7px;-moz-border-radius:7px;-webkit-border-radius:7px;text-shadow:none;-moz-text-shadow:none;-webkit-text-shadow:none\">  \u00a0\u00a0Obiective specifice\u00a0\u00a0\u00a0<\/span><\/a> \u00a0\u00a0\u00a0\u00a0\u00a0\u00a0\u00a0<a href=\"https:\/\/ieeia.tuiasi.ro\/wp-content\/uploads\/2020\/10\/IM_IMCG-2020_2021.doc\" class=\"su-button su-button-style-default\" style=\"color:#FFFFFF;background-color:#2D89EF;border-color:#246ec0;border-radius:7px;-moz-border-radius:7px;-webkit-border-radius:7px\" target=\"_self\"><span style=\"color:#FFFFFF;padding:0px 20px;font-size:16px;line-height:32px;border-color:#6cadf4;border-radius:7px;-moz-border-radius:7px;-webkit-border-radius:7px;text-shadow:none;-moz-text-shadow:none;-webkit-text-shadow:none\"> Plan de \u00eenv\u0103\u021b\u0103m\u00e2nt<\/span><\/a>\n<a href=\"http:\/\/www.eth.ieeia.tuiasi.ro\/index.php\/ro\/imcg\/materiale-didactice\" class=\"su-button su-button-style-default\" style=\"color:#FFFFFF;background-color:#2D89EF;border-color:#246ec0;border-radius:7px;-moz-border-radius:7px;-webkit-border-radius:7px\" target=\"_self\"><span style=\"color:#FFFFFF;padding:0px 20px;font-size:16px;line-height:32px;border-color:#6cadf4;border-radius:7px;-moz-border-radius:7px;-webkit-border-radius:7px;text-shadow:none;-moz-text-shadow:none;-webkit-text-shadow:none\"> Materiale didactice<\/span><\/a>\n<p>Departamentul de Electrotehnic\u0103 gestioneaz\u0103 \u00een DOMENIUL INGINERIE \u0218I MANAGEMENT programul de studii de master INGINERIE \u0218I MANAGEMENT \u00ceN CONTEXTUL GLOBALIZ\u0102RII.<\/p>\n<p>Av\u00e2nd \u00een vedere misiunea de \u00eenv\u0103\u0163\u0103m\u00e2nt \u015fi de cercetare \u015ftiin\u0163ific\u0103 asumat\u0103 prin Carta Universit\u0103\u0163ii Tehnice &#8222;Gheorghe Asachi&#8221; din Ia\u015fi, programul de studii universitare de masterat Inginerie \u0219i management \u00een contextul globaliz\u0103rii\u00a0r\u0103spunde cerin\u0163elor de pertinen\u0163\u0103 \u015fi oportunitate \u00een raport cu nomenclatorul na\u0163ional de calific\u0103ri, \u00een concordan\u0163\u0103 cu obiectivele de \u00eenv\u0103\u0163\u0103m\u00e2nt, de cercetare \u015ftiin\u0163ific\u0103 \u015fi profesionale.<\/p>\n<p>Prin prisma reglement\u0103rilor existente, prezentul programul de studii de masterat asigur\u0103 aprofundarea cunoa\u015fterii \u00een domeniul studiilor de licen\u0163\u0103 din domeniile Inginerie electric\u0103, Inginerie energetic\u0103\u00a0\u0219i din domeniul Inginerie \u0219i management asigur\u00e2nd preg\u0103tire la un \u00eenalt nivel a absolven\u0163ilor, \u00een str\u00e2ns\u0103 leg\u0103tur\u0103 cu cerin\u0163ele existente pe pia\u0163a muncii.<\/p>\n","protected":false},"excerpt":{"rendered":"<p>\u00a0\u00a0\u00a0\u00a0\u00a0\u00a0\u00a0 \u00a0\u00a0\u00a0\u00a0\u00a0\u00a0\u00a0 Departamentul de Electrotehnic\u0103 gestioneaz\u0103 \u00een DOMENIUL INGINERIE \u0218I MANAGEMENT programul de studii de master INGINERIE \u0218I MANAGEMENT \u00ceN CONTEXTUL GLOBALIZ\u0102RII. Av\u00e2nd \u00een vedere misiunea de \u00eenv\u0103\u0163\u0103m\u00e2nt \u015fi de cercetare \u015ftiin\u0163ific\u0103 asumat\u0103 prin Carta Universit\u0103\u0163ii Tehnice &#8222;Gheorghe Asachi&#8221; din <a href=\"http:\/\/www.eth.ieeia.tuiasi.ro\/index.php\/imcg\/\" class=\"read-more\">Read More &#8230;<\/a><\/p>\n","protected":false},"author":6,"featured_media":0,"parent":0,"menu_order":0,"comment_status":"closed","ping_status":"closed","template":"","meta":{"footnotes":""},"_links":{"self":[{"href":"http:\/\/www.eth.ieeia.tuiasi.ro\/index.php\/wp-json\/wp\/v2\/pages\/3087"}],"collection":[{"href":"http:\/\/www.eth.ieeia.tuiasi.ro\/index.php\/wp-json\/wp\/v2\/pages"}],"about":[{"href":"http:\/\/www.eth.ieeia.tuiasi.ro\/index.php\/wp-json\/wp\/v2\/types\/page"}],"author":[{"embeddable":true,"href":"http:\/\/www.eth.ieeia.tuiasi.ro\/index.php\/wp-json\/wp\/v2\/users\/6"}],"replies":[{"embeddable":true,"href":"http:\/\/www.eth.ieeia.tuiasi.ro\/index.php\/wp-json\/wp\/v2\/comments?post=3087"}],"version-history":[{"count":7,"href":"http:\/\/www.eth.ieeia.tuiasi.ro\/index.php\/wp-json\/wp\/v2\/pages\/3087\/revisions"}],"predecessor-version":[{"id":3695,"href":"http:\/\/www.eth.ieeia.tuiasi.ro\/index.php\/wp-json\/wp\/v2\/pages\/3087\/revisions\/3695"}],"wp:attachment":[{"href":"http:\/\/www.eth.ieeia.tuiasi.ro\/index.php\/wp-json\/wp\/v2\/media?parent=3087"}],"curies":[{"name":"wp","href":"https:\/\/api.w.org\/{rel}","templated":true}]}}