{"id":3129,"date":"2019-04-22T10:42:26","date_gmt":"2019-04-22T08:42:26","guid":{"rendered":"http:\/\/www.eth.ieeia.tuiasi.ro\/?page_id=3129"},"modified":"2019-04-22T10:43:01","modified_gmt":"2019-04-22T08:43:01","slug":"materiale-didactice","status":"publish","type":"page","link":"http:\/\/www.eth.ieeia.tuiasi.ro\/index.php\/imcg\/materiale-didactice\/","title":{"rendered":"Materiale didactice"},"content":{"rendered":"<p>\n\tMaster Inginerie \u0219i management &icirc;n contextul globaliz\u0103rii\n<\/p>\n<table border=\"1\" cellpadding=\"0\" cellspacing=\"0\">\n<tbody>\n<tr>\n<td style=\"width:215px;\">\n<p>\n\t\t\t\t\t<strong>Disciplina<\/strong>\n\t\t\t\t<\/p>\n<\/td>\n<td style=\"width:140px;\">\n<p>\n\t\t\t\t\t<strong>Tip<\/strong>\n\t\t\t\t<\/p>\n<\/td>\n<\/tr>\n<tr>\n<td style=\"width:215px;\">\n<p>\n\t\t\t\t\tPie\u0163e de energie &ndash; management \u015fi reglementare\n\t\t\t\t<\/p>\n<\/td>\n<td style=\"width:140px;\">\n<p>\n\t\t\t\t\t&nbsp;\n\t\t\t\t<\/p>\n<\/td>\n<\/tr>\n<tr>\n<td style=\"width:215px;\">\n<p>\n\t\t\t\t\tManagementul iluminatului public \u015fi arhitectural\n\t\t\t\t<\/p>\n<\/td>\n<td style=\"width:140px;\">\n<p>\n\t\t\t\t\t&nbsp;\n\t\t\t\t<\/p>\n<\/td>\n<\/tr>\n<tr>\n<td style=\"width:215px;\">\n<p>\n\t\t\t\t\tTehnologia informa\u0163iei &icirc;n proiectarea produselor \u015fi serviciilor\n\t\t\t\t<\/p>\n<\/td>\n<td style=\"width:140px;\">\n<p>\n\t\t\t\t\t<a href=\"http:\/\/iota.ee.tuiasi.ro\/~cghaba\/TIPPS\/TIPPSNoteCurs\/TIPPSNoteCurs.pdf\">Suport curs<\/a>\n\t\t\t\t<\/p>\n<p>\n\t\t\t\t\t<a href=\"http:\/\/iota.ee.tuiasi.ro\/~cghaba\/TIPPS\/ProiectTIPPS\/TIPPS%20Indrumar%20proiect.pdf\">&Icirc;ndrumar proiect<\/a>\n\t\t\t\t<\/p>\n<\/td>\n<\/tr>\n<tr>\n<td style=\"width:215px;\">\n<p>\n\t\t\t\t\tConformitate, standardizare si certificare\n\t\t\t\t<\/p>\n<\/td>\n<td style=\"width:140px;\">\n<p>\n\t\t\t\t\t&nbsp;\n\t\t\t\t<\/p>\n<\/td>\n<\/tr>\n<tr>\n<td style=\"width:215px;\">\n<p>\n\t\t\t\t\tElemente de legisla\u0163ie european\u0103\n\t\t\t\t<\/p>\n<\/td>\n<td style=\"width:140px;\">\n<p>\n\t\t\t\t\t&nbsp;\n\t\t\t\t<\/p>\n<\/td>\n<\/tr>\n<tr>\n<td style=\"width:215px;\">\n<p>\n\t\t\t\t\tEtica tehnic\u0103 \u015fi a afacerilor\n\t\t\t\t<\/p>\n<\/td>\n<td style=\"width:140px;\">\n<p>\n\t\t\t\t\t&nbsp;\n\t\t\t\t<\/p>\n<\/td>\n<\/tr>\n<tr>\n<td style=\"width:215px;\">\n<p>\n\t\t\t\t\tSimul\u0103ri decizionale &icirc;n afaceri\n\t\t\t\t<\/p>\n<\/td>\n<td style=\"width:140px;\">\n<p>\n\t\t\t\t\t&nbsp;\n\t\t\t\t<\/p>\n<\/td>\n<\/tr>\n<tr>\n<td style=\"width:215px;\">\n<p>\n\t\t\t\t\tMetode de optimizare\n\t\t\t\t<\/p>\n<\/td>\n<td style=\"width:140px;\">\n<p>\n\t\t\t\t\t&nbsp;\n\t\t\t\t<\/p>\n<\/td>\n<\/tr>\n<tr>\n<td style=\"width:215px;\">\n<p>\n\t\t\t\t\tManagementul institu\u0163iilor publice\n\t\t\t\t<\/p>\n<\/td>\n<td style=\"width:140px;\">\n<p>\n\t\t\t\t\t&nbsp;\n\t\t\t\t<\/p>\n<\/td>\n<\/tr>\n<tr>\n<td style=\"width:215px;\">\n<p>\n\t\t\t\t\tEtic\u0103 \u0219i integritate\n\t\t\t\t<\/p>\n<\/td>\n<td style=\"width:140px;\">\n<p>\n\t\t\t\t\t&nbsp;\n\t\t\t\t<\/p>\n<\/td>\n<\/tr>\n<tr>\n<td style=\"width:215px;\">\n<p>\n\t\t\t\t\tManagement strategic\n\t\t\t\t<\/p>\n<\/td>\n<td style=\"width:140px;\">\n<p>\n\t\t\t\t\t&nbsp;\n\t\t\t\t<\/p>\n<\/td>\n<\/tr>\n<tr>\n<td style=\"width:215px;\">\n<p>\n\t\t\t\t\tDezvoltare durabil\u0103 &#8211; strategii \u015fi prognoze\n\t\t\t\t<\/p>\n<\/td>\n<td style=\"width:140px;\">\n<p>\n\t\t\t\t\t&nbsp;\n\t\t\t\t<\/p>\n<\/td>\n<\/tr>\n<tr>\n<td style=\"width:215px;\">\n<p>\n\t\t\t\t\tTehnici informatice \u015fi de comunica\u0163ii &icirc;n administrarea afacerilor\n\t\t\t\t<\/p>\n<\/td>\n<td style=\"width:140px;\">\n<p>\n\t\t\t\t\t&nbsp;\n\t\t\t\t<\/p>\n<\/td>\n<\/tr>\n<tr>\n<td style=\"width:215px;\">\n<p>\n\t\t\t\t\tManagementul creativit\u0103\u0163ii\n\t\t\t\t<\/p>\n<\/td>\n<td style=\"width:140px;\">\n<p>\n\t\t\t\t\t&nbsp;\n\t\t\t\t<\/p>\n<\/td>\n<\/tr>\n<tr>\n<td style=\"width:215px;\">\n<p>\n\t\t\t\t\tPractici europene pentru formare continu\u0103\n\t\t\t\t<\/p>\n<\/td>\n<td style=\"width:140px;\">\n<p>\n\t\t\t\t\t&nbsp;\n\t\t\t\t<\/p>\n<\/td>\n<\/tr>\n<\/tbody>\n<\/table>\n","protected":false},"excerpt":{"rendered":"<p>Master Inginerie \u0219i management &icirc;n contextul globaliz\u0103rii Disciplina Tip Pie\u0163e de energie &ndash; management \u015fi reglementare &nbsp; Managementul iluminatului public \u015fi arhitectural &nbsp; Tehnologia informa\u0163iei &icirc;n proiectarea produselor \u015fi serviciilor Suport curs &Icirc;ndrumar proiect Conformitate, standardizare si certificare &nbsp; Elemente <a href=\"http:\/\/www.eth.ieeia.tuiasi.ro\/index.php\/imcg\/materiale-didactice\/\" class=\"read-more\">Read More &#8230;<\/a><\/p>\n","protected":false},"author":6,"featured_media":0,"parent":3087,"menu_order":0,"comment_status":"closed","ping_status":"closed","template":"","meta":{"footnotes":""},"_links":{"self":[{"href":"http:\/\/www.eth.ieeia.tuiasi.ro\/index.php\/wp-json\/wp\/v2\/pages\/3129"}],"collection":[{"href":"http:\/\/www.eth.ieeia.tuiasi.ro\/index.php\/wp-json\/wp\/v2\/pages"}],"about":[{"href":"http:\/\/www.eth.ieeia.tuiasi.ro\/index.php\/wp-json\/wp\/v2\/types\/page"}],"author":[{"embeddable":true,"href":"http:\/\/www.eth.ieeia.tuiasi.ro\/index.php\/wp-json\/wp\/v2\/users\/6"}],"replies":[{"embeddable":true,"href":"http:\/\/www.eth.ieeia.tuiasi.ro\/index.php\/wp-json\/wp\/v2\/comments?post=3129"}],"version-history":[{"count":1,"href":"http:\/\/www.eth.ieeia.tuiasi.ro\/index.php\/wp-json\/wp\/v2\/pages\/3129\/revisions"}],"predecessor-version":[{"id":3132,"href":"http:\/\/www.eth.ieeia.tuiasi.ro\/index.php\/wp-json\/wp\/v2\/pages\/3129\/revisions\/3132"}],"up":[{"embeddable":true,"href":"http:\/\/www.eth.ieeia.tuiasi.ro\/index.php\/wp-json\/wp\/v2\/pages\/3087"}],"wp:attachment":[{"href":"http:\/\/www.eth.ieeia.tuiasi.ro\/index.php\/wp-json\/wp\/v2\/media?parent=3129"}],"curies":[{"name":"wp","href":"https:\/\/api.w.org\/{rel}","templated":true}]}}