{"id":98,"date":"2016-11-27T12:38:41","date_gmt":"2016-11-27T12:38:41","guid":{"rendered":"http:\/\/www.eth.ieeia.tuiasi.ro\/?page_id=98"},"modified":"2017-02-15T12:27:50","modified_gmt":"2017-02-15T10:27:50","slug":"cercetare","status":"publish","type":"page","link":"http:\/\/www.eth.ieeia.tuiasi.ro\/index.php\/cercetare\/","title":{"rendered":"Cercetare"},"content":{"rendered":"<p style=\"padding-left: 30px; text-align: justify;\"><span style=\"font-family: 'times new roman', times, serif; font-size: 12pt;\"><strong>Principalele direc\u0163ii \u00een cercetare:<\/strong><\/span><\/p>\n<ul>\n<li style=\"text-align: justify;\"><span style=\"font-family: 'times new roman', times, serif; font-size: 12pt;\">Circuite liniare, neliniare \u015fi parametrice: rela\u0163iile lui Manley \u2013 Rowe \u00een circuite parametrice; multiplicatoare de frecven\u0163\u0103 feromagnetice; rezonan\u0163a cuadripolilor generali; rela\u0163iile de reciprocitate \u00een c\u00e2mpul electromagnetic.<\/span><\/li>\n<li style=\"text-align: justify;\"><span style=\"font-family: 'times new roman', times, serif; font-size: 12pt;\">Studiul semnalelor \u015fi a puterilor \u00een regim permanent nesinusoidal; defini\u0163ii \u015fi abord\u0103ri noi de analiz\u0103 a semnalelor \u015fi a puterilor \u00een regim nesinusoidal (deformant).<\/span><\/li>\n<li style=\"text-align: justify;\"><span style=\"font-family: 'times new roman', times, serif; font-size: 12pt;\">Metode analitice \u015fi numerice pentru calculul c\u00e2mpului electromagnetic bazate pe metoda elementelor finite.<\/span><\/li>\n<li style=\"text-align: justify;\"><span style=\"font-family: 'times new roman', times, serif; font-size: 12pt;\">Studii asupra unor topologii speciale de sisteme de conversie electromecanic\u0103 a energiei.<\/span><\/li>\n<li style=\"text-align: justify;\"><span style=\"font-family: 'times new roman', times, serif; font-size: 12pt;\">Modelarea matematic\u0103 \u015fi simularea regimurilor sta\u0163ionare, tranzitorii \u015fi dinamice a ma\u015finilor electrice.<\/span><\/li>\n<li style=\"text-align: justify;\"><span style=\"font-family: 'times new roman', times, serif; font-size: 12pt;\">Studii teoretice \u015fi experimentale asupra regimurilor termice ale ma\u015finilor electrice.<\/span><\/li>\n<li style=\"text-align: justify;\"><span style=\"font-family: 'times new roman', times, serif; font-size: 12pt;\">Calculul numeric al c\u00e2mpului electromagnetic \u00een ma\u015fini electrice \u015fi simularea pe baza metodei elementului finit.<\/span><\/li>\n<li style=\"text-align: justify;\"><span style=\"font-family: 'times new roman', times, serif; font-size: 12pt;\">Cercet\u0103ri experimentale pe standuri specializate asupra performan\u0163elor ma\u015finilor electrice, \u00een regimuri de func\u0163ionare impuse.<\/span><\/li>\n<li style=\"text-align: justify;\"><span style=\"font-family: 'times new roman', times, serif; font-size: 12pt;\">Conceperea unor programe specializate \u00een vederea proiect\u0103rii \u015fi optimiz\u0103rii unor serii noi de transformatoare \u015fi ma\u015fini electrice de uz general.<\/span><\/li>\n<li style=\"text-align: justify;\"><span style=\"font-family: 'times new roman', times, serif; font-size: 12pt;\">Utilizarea circuitelor programabile de tip FPGA \u015fi CPLD \u00een proiectarea sistemelor de comand\u0103.<\/span><\/li>\n<li style=\"text-align: justify;\"><span style=\"font-family: 'times new roman', times, serif; font-size: 12pt;\">Sisteme de \u00eenv\u0103\u0163are la distan\u0163\u0103 pentru proiectarea aplica\u0163iilor hardware-software \u00eencapsulate.<\/span><\/li>\n<li style=\"text-align: justify;\"><span style=\"font-family: 'times new roman', times, serif; font-size: 12pt;\">Aplica\u0163ii \u00een domeniul desc\u0103rc\u0103rilor electrice.<\/span><\/li>\n<\/ul>\n","protected":false},"excerpt":{"rendered":"<p>Principalele direc\u0163ii \u00een cercetare: Circuite liniare, neliniare \u015fi parametrice: rela\u0163iile lui Manley \u2013 Rowe \u00een circuite parametrice; multiplicatoare de frecven\u0163\u0103 feromagnetice; rezonan\u0163a cuadripolilor generali; rela\u0163iile de reciprocitate \u00een c\u00e2mpul electromagnetic. Studiul semnalelor \u015fi a puterilor \u00een regim permanent nesinusoidal; defini\u0163ii <a href=\"http:\/\/www.eth.ieeia.tuiasi.ro\/index.php\/cercetare\/\" class=\"read-more\">Read More &#8230;<\/a><\/p>\n","protected":false},"author":2,"featured_media":0,"parent":0,"menu_order":0,"comment_status":"closed","ping_status":"closed","template":"","meta":{"footnotes":""},"_links":{"self":[{"href":"http:\/\/www.eth.ieeia.tuiasi.ro\/index.php\/wp-json\/wp\/v2\/pages\/98"}],"collection":[{"href":"http:\/\/www.eth.ieeia.tuiasi.ro\/index.php\/wp-json\/wp\/v2\/pages"}],"about":[{"href":"http:\/\/www.eth.ieeia.tuiasi.ro\/index.php\/wp-json\/wp\/v2\/types\/page"}],"author":[{"embeddable":true,"href":"http:\/\/www.eth.ieeia.tuiasi.ro\/index.php\/wp-json\/wp\/v2\/users\/2"}],"replies":[{"embeddable":true,"href":"http:\/\/www.eth.ieeia.tuiasi.ro\/index.php\/wp-json\/wp\/v2\/comments?post=98"}],"version-history":[{"count":4,"href":"http:\/\/www.eth.ieeia.tuiasi.ro\/index.php\/wp-json\/wp\/v2\/pages\/98\/revisions"}],"predecessor-version":[{"id":1705,"href":"http:\/\/www.eth.ieeia.tuiasi.ro\/index.php\/wp-json\/wp\/v2\/pages\/98\/revisions\/1705"}],"wp:attachment":[{"href":"http:\/\/www.eth.ieeia.tuiasi.ro\/index.php\/wp-json\/wp\/v2\/media?parent=98"}],"curies":[{"name":"wp","href":"https:\/\/api.w.org\/{rel}","templated":true}]}}